{"id":2382,"date":"2022-04-26T15:56:47","date_gmt":"2022-04-26T13:56:47","guid":{"rendered":"https:\/\/shop-belgasolar.poush-dev.be\/confirmation\/"},"modified":"2025-04-02T15:37:46","modified_gmt":"2025-04-02T13:37:46","slug":"bevestiging","status":"publish","type":"page","link":"https:\/\/belgasolar.com\/nl\/bevestiging\/","title":{"rendered":"Bevestiging"},"content":{"rendered":"<p>[et_pb_section fb_built=&#8221;1&#8243; admin_label=&#8221;section&#8221; _builder_version=&#8221;4.16&#8243; custom_padding=&#8221;90px||90px||true|&#8221; global_colors_info=&#8221;{}&#8221;][et_pb_row admin_label=&#8221;row&#8221; _builder_version=&#8221;4.16&#8243; background_size=&#8221;initial&#8221; background_position=&#8221;top_left&#8221; background_repeat=&#8221;repeat&#8221; global_colors_info=&#8221;{}&#8221;][et_pb_column type=&#8221;4_4&#8243; _builder_version=&#8221;4.16&#8243; custom_padding=&#8221;|||&#8221; global_colors_info=&#8221;{}&#8221; custom_padding__hover=&#8221;|||&#8221;][et_pb_text admin_label=&#8221;Text&#8221; _builder_version=&#8221;4.27.4&#8243; background_size=&#8221;initial&#8221; background_position=&#8221;top_left&#8221; background_repeat=&#8221;repeat&#8221; custom_margin=&#8221;||68px|||&#8221; hover_enabled=&#8221;0&#8243; global_colors_info=&#8221;{}&#8221; sticky_enabled=&#8221;0&#8243;]<\/p>\n<h1 style=\"text-align: center;\">Dank u voor uw verzoek!<\/h1>\n<p style=\"text-align: center;\">Het is succesvol verzonden. Wij zullen het verwerken en zo spoedig mogelijk contact met u opnemen.<\/p>\n<p>[\/et_pb_text][et_pb_button button_url=&#8221;@ET-DC@eyJkeW5hbWljIjp0cnVlLCJjb250ZW50IjoiaG9tZV91cmwiLCJzZXR0aW5ncyI6e319@&#8221; button_text=&#8221;Ga terug naar de startpagina&#8221; button_alignment=&#8221;center&#8221; _builder_version=&#8221;4.27.4&#8243; _dynamic_attributes=&#8221;button_text,button_url&#8221; _module_preset=&#8221;_initial&#8221; hover_enabled=&#8221;0&#8243; global_colors_info=&#8221;{}&#8221; sticky_enabled=&#8221;0&#8243;][\/et_pb_button][\/et_pb_column][\/et_pb_row][\/et_pb_section]<\/p>\n","protected":false},"excerpt":{"rendered":"<p>Dank u voor uw verzoek! Het is succesvol verzonden. Wij zullen het verwerken en zo spoedig mogelijk contact met u opnemen.<\/p>\n","protected":false},"author":1,"featured_media":0,"parent":0,"menu_order":1010,"comment_status":"closed","ping_status":"closed","template":"","meta":{"_et_pb_use_builder":"on","_et_pb_old_content":"[vc_row css=\".vc_custom_1650981400486{padding-top: 150px !important;padding-bottom: 150px !important;}\"][vc_column][vc_column_text]\r\n<h1 style=\"text-align: center;\">Merci pour votre demande !<\/h1>\r\n<p style=\"text-align: center;\">Elle a \u00e9t\u00e9 envoy\u00e9e avec succ\u00e8s. Nous la traitons et revenons vers vous dans les plus brefs d\u00e9lais.<\/p>\r\n[\/vc_column_text][dt_default_button link=\"url:https%3A%2F%2Fbelgasolar.com%2F|title:Accueil\" size=\"big\" button_alignment=\"btn_center\"]Revenez \u00e0 la page d\u2019accueil[\/dt_default_button][\/vc_column][\/vc_row]","_et_gb_content_width":"","footnotes":""},"class_list":["post-2382","page","type-page","status-publish","hentry"],"yoast_head":"<!-- This site is optimized with the Yoast SEO plugin v27.4 - https:\/\/yoast.com\/product\/yoast-seo-wordpress\/ -->\n<title>Bevestiging | Belgasolar<\/title>\n<meta name=\"robots\" content=\"index, follow, max-snippet:-1, max-image-preview:large, max-video-preview:-1\" \/>\n<link rel=\"canonical\" href=\"https:\/\/belgasolar.com\/nl\/bevestiging\/\" \/>\n<meta property=\"og:locale\" content=\"nl_NL\" \/>\n<meta property=\"og:type\" content=\"article\" \/>\n<meta property=\"og:title\" content=\"Bevestiging | Belgasolar\" \/>\n<meta property=\"og:description\" content=\"Dank u voor uw verzoek! Het is succesvol verzonden. Wij zullen het verwerken en zo spoedig mogelijk contact met u opnemen.\" \/>\n<meta property=\"og:url\" content=\"https:\/\/belgasolar.com\/nl\/bevestiging\/\" \/>\n<meta property=\"og:site_name\" content=\"Belgasolar\" \/>\n<meta property=\"article:modified_time\" content=\"2025-04-02T13:37:46+00:00\" \/>\n<meta name=\"twitter:card\" content=\"summary_large_image\" \/>\n<meta name=\"twitter:label1\" content=\"Geschatte leestijd\" \/>\n\t<meta name=\"twitter:data1\" content=\"1 minuut\" \/>\n<script type=\"application\/ld+json\" class=\"yoast-schema-graph\">{\"@context\":\"https:\\\/\\\/schema.org\",\"@graph\":[{\"@type\":\"WebPage\",\"@id\":\"https:\\\/\\\/belgasolar.com\\\/nl\\\/bevestiging\\\/\",\"url\":\"https:\\\/\\\/belgasolar.com\\\/nl\\\/bevestiging\\\/\",\"name\":\"Bevestiging | Belgasolar\",\"isPartOf\":{\"@id\":\"https:\\\/\\\/belgasolar.com\\\/nl\\\/#website\"},\"datePublished\":\"2022-04-26T13:56:47+00:00\",\"dateModified\":\"2025-04-02T13:37:46+00:00\",\"breadcrumb\":{\"@id\":\"https:\\\/\\\/belgasolar.com\\\/nl\\\/bevestiging\\\/#breadcrumb\"},\"inLanguage\":\"nl-NL\",\"potentialAction\":[{\"@type\":\"ReadAction\",\"target\":[\"https:\\\/\\\/belgasolar.com\\\/nl\\\/bevestiging\\\/\"]}]},{\"@type\":\"BreadcrumbList\",\"@id\":\"https:\\\/\\\/belgasolar.com\\\/nl\\\/bevestiging\\\/#breadcrumb\",\"itemListElement\":[{\"@type\":\"ListItem\",\"position\":1,\"name\":\"Accueil\",\"item\":\"https:\\\/\\\/belgasolar.com\\\/nl\\\/\"},{\"@type\":\"ListItem\",\"position\":2,\"name\":\"Bevestiging\"}]},{\"@type\":\"WebSite\",\"@id\":\"https:\\\/\\\/belgasolar.com\\\/nl\\\/#website\",\"url\":\"https:\\\/\\\/belgasolar.com\\\/nl\\\/\",\"name\":\"Belgasolar\",\"description\":\"\",\"potentialAction\":[{\"@type\":\"SearchAction\",\"target\":{\"@type\":\"EntryPoint\",\"urlTemplate\":\"https:\\\/\\\/belgasolar.com\\\/nl\\\/?s={search_term_string}\"},\"query-input\":{\"@type\":\"PropertyValueSpecification\",\"valueRequired\":true,\"valueName\":\"search_term_string\"}}],\"inLanguage\":\"nl-NL\"}]}<\/script>\n<!-- \/ Yoast SEO plugin. -->","yoast_head_json":{"title":"Bevestiging | Belgasolar","robots":{"index":"index","follow":"follow","max-snippet":"max-snippet:-1","max-image-preview":"max-image-preview:large","max-video-preview":"max-video-preview:-1"},"canonical":"https:\/\/belgasolar.com\/nl\/bevestiging\/","og_locale":"nl_NL","og_type":"article","og_title":"Bevestiging | Belgasolar","og_description":"Dank u voor uw verzoek! Het is succesvol verzonden. Wij zullen het verwerken en zo spoedig mogelijk contact met u opnemen.","og_url":"https:\/\/belgasolar.com\/nl\/bevestiging\/","og_site_name":"Belgasolar","article_modified_time":"2025-04-02T13:37:46+00:00","twitter_card":"summary_large_image","twitter_misc":{"Geschatte leestijd":"1 minuut"},"schema":{"@context":"https:\/\/schema.org","@graph":[{"@type":"WebPage","@id":"https:\/\/belgasolar.com\/nl\/bevestiging\/","url":"https:\/\/belgasolar.com\/nl\/bevestiging\/","name":"Bevestiging | Belgasolar","isPartOf":{"@id":"https:\/\/belgasolar.com\/nl\/#website"},"datePublished":"2022-04-26T13:56:47+00:00","dateModified":"2025-04-02T13:37:46+00:00","breadcrumb":{"@id":"https:\/\/belgasolar.com\/nl\/bevestiging\/#breadcrumb"},"inLanguage":"nl-NL","potentialAction":[{"@type":"ReadAction","target":["https:\/\/belgasolar.com\/nl\/bevestiging\/"]}]},{"@type":"BreadcrumbList","@id":"https:\/\/belgasolar.com\/nl\/bevestiging\/#breadcrumb","itemListElement":[{"@type":"ListItem","position":1,"name":"Accueil","item":"https:\/\/belgasolar.com\/nl\/"},{"@type":"ListItem","position":2,"name":"Bevestiging"}]},{"@type":"WebSite","@id":"https:\/\/belgasolar.com\/nl\/#website","url":"https:\/\/belgasolar.com\/nl\/","name":"Belgasolar","description":"","potentialAction":[{"@type":"SearchAction","target":{"@type":"EntryPoint","urlTemplate":"https:\/\/belgasolar.com\/nl\/?s={search_term_string}"},"query-input":{"@type":"PropertyValueSpecification","valueRequired":true,"valueName":"search_term_string"}}],"inLanguage":"nl-NL"}]}},"_links":{"self":[{"href":"https:\/\/belgasolar.com\/nl\/wp-json\/wp\/v2\/pages\/2382","targetHints":{"allow":["GET"]}}],"collection":[{"href":"https:\/\/belgasolar.com\/nl\/wp-json\/wp\/v2\/pages"}],"about":[{"href":"https:\/\/belgasolar.com\/nl\/wp-json\/wp\/v2\/types\/page"}],"author":[{"embeddable":true,"href":"https:\/\/belgasolar.com\/nl\/wp-json\/wp\/v2\/users\/1"}],"replies":[{"embeddable":true,"href":"https:\/\/belgasolar.com\/nl\/wp-json\/wp\/v2\/comments?post=2382"}],"version-history":[{"count":4,"href":"https:\/\/belgasolar.com\/nl\/wp-json\/wp\/v2\/pages\/2382\/revisions"}],"predecessor-version":[{"id":2388,"href":"https:\/\/belgasolar.com\/nl\/wp-json\/wp\/v2\/pages\/2382\/revisions\/2388"}],"wp:attachment":[{"href":"https:\/\/belgasolar.com\/nl\/wp-json\/wp\/v2\/media?parent=2382"}],"curies":[{"name":"wp","href":"https:\/\/api.w.org\/{rel}","templated":true}]}}